{"id":11,"date":"2014-05-11T16:45:12","date_gmt":"2014-05-11T16:45:12","guid":{"rendered":"http:\/\/www.bd-brandys-nl.cz\/?page_id=11"},"modified":"2025-12-22T15:40:08","modified_gmt":"2025-12-22T14:40:08","slug":"historie","status":"publish","type":"page","link":"https:\/\/www.bd-brandys-nl.cz\/?page_id=11","title":{"rendered":"Historie"},"content":{"rendered":"<p>Bytov\u00e9 dru\u017estvo Brand\u00fds nad Labem bylo zaps\u00e1no do rejst\u0159\u00edku dne 1. srpna 1959 jako Stavebn\u00ed bytov\u00e9 dru\u017estvo ob\u010dan\u016f Brand\u00fds nad Labem. Od sam\u00e9ho po\u010d\u00e1tku bylo jeho prioritou zaji\u0161\u0165ov\u00e1n\u00ed v\u00fdstavby byt\u016f pro sv\u00e9 \u010dleny, a to sv\u00e9pomoc\u00ed v\u00a060 a 70 letech a stabiliza\u010dn\u00ed v\u00fdstavbou v\u00a070 a 80 letech. V\u00a0letech 1981 \u2013 1984 bylo do dru\u017estva za\u010dlen\u011bno Stavebn\u00ed bytov\u00e9 dru\u017estvo \u010cel\u00e1kovice. Sou\u010dasn\u00fd n\u00e1zev dru\u017estvo nese od roku 1998.<\/p>\n<p>V\u00a0roce 2003 dru\u017estvo doplnilo stanovy o spr\u00e1vu a \u00fadr\u017ebu nemovitost\u00ed ve vlastnictv\u00ed t\u0159et\u00edch osob. V\u00a0roce 2010 dru\u017estvo vlo\u017eilo do katastru nemovitost\u00ed Prohl\u00e1\u0161en\u00ed vlastn\u00edka na v\u0161ech 31 dom\u016f ve sv\u00e9m vlastnictv\u00ed a n\u00e1vazn\u011b zah\u00e1jilo p\u0159evody byt\u016f do osobn\u00edho vlastnictv\u00ed v\u00a0domech nezat\u00ed\u017een\u00fdch anuitou nebo \u00fav\u011brem za sou\u010dasn\u00e9ho vzniku Spole\u010denstv\u00ed vlastn\u00edk\u016f jednotek.<\/p>\n<p>V sou\u010dasn\u00e9 dob\u011b dru\u017estvo vykon\u00e1v\u00e1 spr\u00e1vu a \u00fadr\u017ebu byt\u016f a nebytov\u00fdch prostor v domech ve sv\u00e9m vlastnictv\u00ed a ve v\u011bt\u0161in\u011b dom\u016f, kter\u00e9 dru\u017estvo p\u0159evedlo na spole\u010denstv\u00ed vlastn\u00edk\u016f jednotek. Spravuje celkem 750 byt\u016f, z toho 56 vlastn\u00edch a 694 byt\u016f ve 27 SVJ.<\/p>\n","protected":false},"excerpt":{"rendered":"<p>Bytov\u00e9 dru\u017estvo Brand\u00fds nad Labem bylo zaps\u00e1no do rejst\u0159\u00edku dne 1. srpna 1959 jako Stavebn\u00ed bytov\u00e9 dru\u017estvo ob\u010dan\u016f Brand\u00fds nad Labem. Od sam\u00e9ho po\u010d\u00e1tku bylo jeho prioritou zaji\u0161\u0165ov\u00e1n\u00ed v\u00fdstavby byt\u016f pro sv\u00e9 \u010dleny, a to sv\u00e9pomoc\u00ed v\u00a060 a 70 letech &hellip; <a href=\"https:\/\/www.bd-brandys-nl.cz\/?page_id=11\">Cel\u00fd p\u0159\u00edsp\u011bvek <span class=\"meta-nav\">&rarr;<\/span><\/a><\/p>\n","protected":false},"author":2,"featured_media":0,"parent":7,"menu_order":2,"comment_status":"closed","ping_status":"open","template":"","meta":{"footnotes":""},"class_list":["post-11","page","type-page","status-publish","hentry"],"_links":{"self":[{"href":"https:\/\/www.bd-brandys-nl.cz\/index.php?rest_route=\/wp\/v2\/pages\/11","targetHints":{"allow":["GET"]}}],"collection":[{"href":"https:\/\/www.bd-brandys-nl.cz\/index.php?rest_route=\/wp\/v2\/pages"}],"about":[{"href":"https:\/\/www.bd-brandys-nl.cz\/index.php?rest_route=\/wp\/v2\/types\/page"}],"author":[{"embeddable":true,"href":"https:\/\/www.bd-brandys-nl.cz\/index.php?rest_route=\/wp\/v2\/users\/2"}],"replies":[{"embeddable":true,"href":"https:\/\/www.bd-brandys-nl.cz\/index.php?rest_route=%2Fwp%2Fv2%2Fcomments&post=11"}],"version-history":[{"count":5,"href":"https:\/\/www.bd-brandys-nl.cz\/index.php?rest_route=\/wp\/v2\/pages\/11\/revisions"}],"predecessor-version":[{"id":765,"href":"https:\/\/www.bd-brandys-nl.cz\/index.php?rest_route=\/wp\/v2\/pages\/11\/revisions\/765"}],"up":[{"embeddable":true,"href":"https:\/\/www.bd-brandys-nl.cz\/index.php?rest_route=\/wp\/v2\/pages\/7"}],"wp:attachment":[{"href":"https:\/\/www.bd-brandys-nl.cz\/index.php?rest_route=%2Fwp%2Fv2%2Fmedia&parent=11"}],"curies":[{"name":"wp","href":"https:\/\/api.w.org\/{rel}","templated":true}]}}